{"id":68,"date":"2026-03-07T02:57:37","date_gmt":"2026-03-07T02:57:37","guid":{"rendered":"https:\/\/chilltea.click\/?page_id=68"},"modified":"2026-03-07T03:28:35","modified_gmt":"2026-03-07T03:28:35","slug":"thong-tin-cua-hang","status":"publish","type":"page","link":"https:\/\/chilltea.click\/?page_id=68","title":{"rendered":"TH\u00d4NG TIN C\u1eecA H\u00c0NG"},"content":{"rendered":"\n<figure class=\"wp-block-image alignleft size-large is-resized is-style-rounded\"><img loading=\"lazy\" decoding=\"async\" width=\"1024\" height=\"682\" src=\"https:\/\/chilltea.click\/wp-content\/uploads\/2026\/03\/cafe-1024x682.jpg\" alt=\"\" class=\"wp-image-74\" style=\"aspect-ratio:1.501508211373031;width:347px;height:auto\" srcset=\"https:\/\/chilltea.click\/wp-content\/uploads\/2026\/03\/cafe-1024x682.jpg 1024w, https:\/\/chilltea.click\/wp-content\/uploads\/2026\/03\/cafe-600x400.jpg 600w, https:\/\/chilltea.click\/wp-content\/uploads\/2026\/03\/cafe-300x200.jpg 300w, https:\/\/chilltea.click\/wp-content\/uploads\/2026\/03\/cafe-768x512.jpg 768w, https:\/\/chilltea.click\/wp-content\/uploads\/2026\/03\/cafe-1536x1023.jpg 1536w, https:\/\/chilltea.click\/wp-content\/uploads\/2026\/03\/cafe.jpg 1800w\" sizes=\"auto, (max-width: 1024px) 100vw, 1024px\" \/><\/figure>\n\n\n\n<p>\ud83c\udf3f V\u1ec1 ChillTea<\/p>\n\n\n\n<p class=\"has-text-align-left\"><strong>ChillTea<\/strong> l\u00e0 qu\u00e1n c\u00e0 ph\u00ea v\u00e0 tr\u00e0 \u0111\u01b0\u1ee3c t\u1ea1o ra v\u1edbi mong mu\u1ed1n mang \u0111\u1ebfn m\u1ed9t kh\u00f4ng gian th\u01b0 gi\u00e3n, n\u01a1i m\u1ecdi ng\u01b0\u1eddi c\u00f3 th\u1ec3 t\u1ea1m g\u00e1c l\u1ea1i nh\u1eefng b\u1ed9n b\u1ec1 c\u1ee7a cu\u1ed9c s\u1ed1ng v\u00e0 t\u1eadn h\u01b0\u1edfng nh\u1eefng ph\u00fat gi\u00e2y th\u1eadt \u201cchill\u201d.<\/p>\n\n\n\n<p class=\"has-text-align-left\">T\u1ea1i ChillTea, m\u1ed7i ly n\u01b0\u1edbc kh\u00f4ng ch\u1ec9 l\u00e0 m\u1ed9t th\u1ee9c u\u1ed1ng m\u00e0 c\u00f2n l\u00e0 s\u1ef1 k\u1ebft h\u1ee3p gi\u1eefa <strong>h\u01b0\u01a1ng v\u1ecb, c\u1ea3m x\u00fac v\u00e0 tr\u1ea3i nghi\u1ec7m<\/strong>. Ch\u00fang t\u00f4i lu\u00f4n ch\u1ecdn l\u1ecdc nguy\u00ean li\u1ec7u ch\u1ea5t l\u01b0\u1ee3ng, \u0111\u1ea3m b\u1ea3o mang \u0111\u1ebfn cho kh\u00e1ch h\u00e0ng nh\u1eefng s\u1ea3n ph\u1ea9m th\u01a1m ngon v\u00e0 an to\u00e0n.<\/p>\n\n\n\n<p><\/p>\n\n\n\n<p><\/p>\n\n\n\n<figure class=\"wp-block-image alignright size-full is-resized is-style-rounded\"><img loading=\"lazy\" decoding=\"async\" width=\"750\" height=\"562\" src=\"https:\/\/chilltea.click\/wp-content\/uploads\/2026\/03\/mau-quan-cafe-moc-8.jpg\" alt=\"\" class=\"wp-image-89\" style=\"aspect-ratio:1.501508211373031;width:350px;height:auto\" srcset=\"https:\/\/chilltea.click\/wp-content\/uploads\/2026\/03\/mau-quan-cafe-moc-8.jpg 750w, https:\/\/chilltea.click\/wp-content\/uploads\/2026\/03\/mau-quan-cafe-moc-8-600x450.jpg 600w, https:\/\/chilltea.click\/wp-content\/uploads\/2026\/03\/mau-quan-cafe-moc-8-300x225.jpg 300w\" sizes=\"auto, (max-width: 750px) 100vw, 750px\" \/><\/figure>\n\n\n\n<p>\ud83e\ude91 Kh\u00f4ng Gian Qu\u00e1n<\/p>\n\n\n\n<p>Kh\u00f4ng gian ChillTea \u0111\u01b0\u1ee3c thi\u1ebft k\u1ebf theo phong c\u00e1ch <strong>tr\u1ebb trung \u2013 hi\u1ec7n \u0111\u1ea1i \u2013 \u1ea5m c\u00fang<\/strong>, ph\u00f9 h\u1ee3p cho:<\/p>\n\n\n\n<ul class=\"wp-block-list\">\n<li>H\u1ecdc t\u1eadp v\u00e0 l\u00e0m vi\u1ec7c<\/li>\n\n\n\n<li>G\u1eb7p g\u1ee1 b\u1ea1n b\u00e8<\/li>\n\n\n\n<li>H\u1eb9n h\u00f2 th\u01b0 gi\u00e3n<\/li>\n\n\n\n<li>Ch\u1ee5p \u1ea3nh check-in<\/li>\n<\/ul>\n\n\n\n<p>Ch\u00fang t\u00f4i mong mu\u1ed1n m\u1ed7i kh\u00e1ch h\u00e0ng khi \u0111\u1ebfn ChillTea \u0111\u1ec1u c\u1ea3m th\u1ea5y <strong>tho\u1ea3i m\u00e1i nh\u01b0 \u1edf nh\u00e0<\/strong>.<\/p>\n\n\n\n<p><\/p>\n\n\n\n<p><\/p>\n\n\n\n<figure class=\"wp-block-image alignleft size-full is-resized is-style-rounded\"><img loading=\"lazy\" decoding=\"async\" width=\"750\" height=\"500\" src=\"https:\/\/chilltea.click\/wp-content\/uploads\/2026\/03\/evoke-coffee123.jpg\" alt=\"\" class=\"wp-image-84\" style=\"aspect-ratio:1.5001316829075586;width:321px;height:auto\" srcset=\"https:\/\/chilltea.click\/wp-content\/uploads\/2026\/03\/evoke-coffee123.jpg 750w, https:\/\/chilltea.click\/wp-content\/uploads\/2026\/03\/evoke-coffee123-600x400.jpg 600w, https:\/\/chilltea.click\/wp-content\/uploads\/2026\/03\/evoke-coffee123-300x200.jpg 300w\" sizes=\"auto, (max-width: 750px) 100vw, 750px\" \/><\/figure>\n\n\n\n<p>\ud83c\udfaf S\u1ee9 M\u1ec7nh<\/p>\n\n\n\n<p>ChillTea h\u01b0\u1edbng \u0111\u1ebfn vi\u1ec7c tr\u1edf th\u00e0nh n\u01a1i:<\/p>\n\n\n\n<ul class=\"wp-block-list\">\n<li>Mang l\u1ea1i <strong>tr\u1ea3i nghi\u1ec7m \u0111\u1ed3 u\u1ed1ng ch\u1ea5t l\u01b0\u1ee3ng<\/strong><\/li>\n\n\n\n<li>T\u1ea1o ra <strong>kh\u00f4ng gian th\u01b0 gi\u00e3n cho gi\u1edbi tr\u1ebb<\/strong><\/li>\n\n\n\n<li>K\u1ebft n\u1ed1i m\u1ecdi ng\u01b0\u1eddi qua nh\u1eefng kho\u1ea3nh kh\u1eafc \u0111\u01a1n gi\u1ea3n nh\u01b0ng \u00fd ngh\u0129a<\/li>\n<\/ul>\n\n\n\n<p><\/p>\n","protected":false},"excerpt":{"rendered":"<p>\ud83c\udf3f V\u1ec1 ChillTea ChillTea l\u00e0 qu\u00e1n c\u00e0 ph\u00ea v\u00e0 tr\u00e0 \u0111\u01b0\u1ee3c t\u1ea1o ra v\u1edbi mong mu\u1ed1n mang \u0111\u1ebfn m\u1ed9t kh\u00f4ng gian th\u01b0 gi\u00e3n, n\u01a1i m\u1ecdi ng\u01b0\u1eddi c\u00f3 th\u1ec3 t\u1ea1m g\u00e1c l\u1ea1i nh\u1eefng b\u1ed9n b\u1ec1 c\u1ee7a cu\u1ed9c s\u1ed1ng v\u00e0 t\u1eadn h\u01b0\u1edfng nh\u1eefng ph\u00fat gi\u00e2y th\u1eadt \u201cchill\u201d. T\u1ea1i ChillTea, m\u1ed7i ly n\u01b0\u1edbc kh\u00f4ng ch\u1ec9 l\u00e0 m\u1ed9t th\u1ee9c [&hellip;]<\/p>\n","protected":false},"author":1,"featured_media":0,"parent":0,"menu_order":0,"comment_status":"closed","ping_status":"closed","template":"","meta":{"googlesitekit_rrm_CAowhJzGDA:productID":"","footnotes":""},"class_list":["post-68","page","type-page","status-publish","hentry"],"yoast_head":"<!-- This site is optimized with the Yoast SEO plugin v27.1.1 - https:\/\/yoast.com\/product\/yoast-seo-wordpress\/ -->\n<title>TH\u00d4NG TIN C\u1eecA H\u00c0NG - CHILL TEA<\/title>\n<meta name=\"robots\" content=\"noindex, follow, max-snippet:-1, max-image-preview:large, max-video-preview:-1\" \/>\n<meta property=\"og:locale\" content=\"vi_VN\" \/>\n<meta property=\"og:type\" content=\"article\" \/>\n<meta property=\"og:title\" content=\"TH\u00d4NG TIN C\u1eecA H\u00c0NG - CHILL TEA\" \/>\n<meta property=\"og:description\" content=\"\ud83c\udf3f V\u1ec1 ChillTea ChillTea l\u00e0 qu\u00e1n c\u00e0 ph\u00ea v\u00e0 tr\u00e0 \u0111\u01b0\u1ee3c t\u1ea1o ra v\u1edbi mong mu\u1ed1n mang \u0111\u1ebfn m\u1ed9t kh\u00f4ng gian th\u01b0 gi\u00e3n, n\u01a1i m\u1ecdi ng\u01b0\u1eddi c\u00f3 th\u1ec3 t\u1ea1m g\u00e1c l\u1ea1i nh\u1eefng b\u1ed9n b\u1ec1 c\u1ee7a cu\u1ed9c s\u1ed1ng v\u00e0 t\u1eadn h\u01b0\u1edfng nh\u1eefng ph\u00fat gi\u00e2y th\u1eadt \u201cchill\u201d. T\u1ea1i ChillTea, m\u1ed7i ly n\u01b0\u1edbc kh\u00f4ng ch\u1ec9 l\u00e0 m\u1ed9t th\u1ee9c [&hellip;]\" \/>\n<meta property=\"og:url\" content=\"https:\/\/chilltea.click\/?page_id=68\" \/>\n<meta property=\"og:site_name\" content=\"CHILL TEA\" \/>\n<meta property=\"article:modified_time\" content=\"2026-03-07T03:28:35+00:00\" \/>\n<meta property=\"og:image\" content=\"https:\/\/chilltea.click\/wp-content\/uploads\/2026\/03\/cafe.jpg\" \/>\n\t<meta property=\"og:image:width\" content=\"1800\" \/>\n\t<meta property=\"og:image:height\" content=\"1199\" \/>\n\t<meta property=\"og:image:type\" content=\"image\/jpeg\" \/>\n<meta name=\"twitter:card\" content=\"summary_large_image\" \/>\n<meta name=\"twitter:label1\" content=\"\u01af\u1edbc t\u00ednh th\u1eddi gian \u0111\u1ecdc\" \/>\n\t<meta name=\"twitter:data1\" content=\"1 ph\u00fat\" \/>\n<script type=\"application\/ld+json\" class=\"yoast-schema-graph\">{\"@context\":\"https:\/\/schema.org\",\"@graph\":[{\"@type\":\"WebPage\",\"@id\":\"https:\/\/chilltea.click\/?page_id=68\",\"url\":\"https:\/\/chilltea.click\/?page_id=68\",\"name\":\"TH\u00d4NG TIN C\u1eecA H\u00c0NG - CHILL TEA\",\"isPartOf\":{\"@id\":\"https:\/\/chilltea.click\/#website\"},\"primaryImageOfPage\":{\"@id\":\"https:\/\/chilltea.click\/?page_id=68#primaryimage\"},\"image\":{\"@id\":\"https:\/\/chilltea.click\/?page_id=68#primaryimage\"},\"thumbnailUrl\":\"https:\/\/chilltea.click\/wp-content\/uploads\/2026\/03\/cafe-1024x682.jpg\",\"datePublished\":\"2026-03-07T02:57:37+00:00\",\"dateModified\":\"2026-03-07T03:28:35+00:00\",\"breadcrumb\":{\"@id\":\"https:\/\/chilltea.click\/?page_id=68#breadcrumb\"},\"inLanguage\":\"vi\",\"potentialAction\":[{\"@type\":\"ReadAction\",\"target\":[\"https:\/\/chilltea.click\/?page_id=68\"]}]},{\"@type\":\"ImageObject\",\"inLanguage\":\"vi\",\"@id\":\"https:\/\/chilltea.click\/?page_id=68#primaryimage\",\"url\":\"https:\/\/chilltea.click\/wp-content\/uploads\/2026\/03\/cafe.jpg\",\"contentUrl\":\"https:\/\/chilltea.click\/wp-content\/uploads\/2026\/03\/cafe.jpg\",\"width\":1800,\"height\":1199},{\"@type\":\"BreadcrumbList\",\"@id\":\"https:\/\/chilltea.click\/?page_id=68#breadcrumb\",\"itemListElement\":[{\"@type\":\"ListItem\",\"position\":1,\"name\":\"Trang ch\u1ee7\",\"item\":\"https:\/\/chilltea.click\/\"},{\"@type\":\"ListItem\",\"position\":2,\"name\":\"TH\u00d4NG TIN C\u1eecA H\u00c0NG\"}]},{\"@type\":\"WebSite\",\"@id\":\"https:\/\/chilltea.click\/#website\",\"url\":\"https:\/\/chilltea.click\/\",\"name\":\"CHILL TEA\",\"description\":\"\",\"potentialAction\":[{\"@type\":\"SearchAction\",\"target\":{\"@type\":\"EntryPoint\",\"urlTemplate\":\"https:\/\/chilltea.click\/?s={search_term_string}\"},\"query-input\":{\"@type\":\"PropertyValueSpecification\",\"valueRequired\":true,\"valueName\":\"search_term_string\"}}],\"inLanguage\":\"vi\"}]}<\/script>\n<!-- \/ Yoast SEO plugin. -->","yoast_head_json":{"title":"TH\u00d4NG TIN C\u1eecA H\u00c0NG - CHILL TEA","robots":{"index":"noindex","follow":"follow","max-snippet":"max-snippet:-1","max-image-preview":"max-image-preview:large","max-video-preview":"max-video-preview:-1"},"og_locale":"vi_VN","og_type":"article","og_title":"TH\u00d4NG TIN C\u1eecA H\u00c0NG - CHILL TEA","og_description":"\ud83c\udf3f V\u1ec1 ChillTea ChillTea l\u00e0 qu\u00e1n c\u00e0 ph\u00ea v\u00e0 tr\u00e0 \u0111\u01b0\u1ee3c t\u1ea1o ra v\u1edbi mong mu\u1ed1n mang \u0111\u1ebfn m\u1ed9t kh\u00f4ng gian th\u01b0 gi\u00e3n, n\u01a1i m\u1ecdi ng\u01b0\u1eddi c\u00f3 th\u1ec3 t\u1ea1m g\u00e1c l\u1ea1i nh\u1eefng b\u1ed9n b\u1ec1 c\u1ee7a cu\u1ed9c s\u1ed1ng v\u00e0 t\u1eadn h\u01b0\u1edfng nh\u1eefng ph\u00fat gi\u00e2y th\u1eadt \u201cchill\u201d. T\u1ea1i ChillTea, m\u1ed7i ly n\u01b0\u1edbc kh\u00f4ng ch\u1ec9 l\u00e0 m\u1ed9t th\u1ee9c [&hellip;]","og_url":"https:\/\/chilltea.click\/?page_id=68","og_site_name":"CHILL TEA","article_modified_time":"2026-03-07T03:28:35+00:00","og_image":[{"width":1800,"height":1199,"url":"https:\/\/chilltea.click\/wp-content\/uploads\/2026\/03\/cafe.jpg","type":"image\/jpeg"}],"twitter_card":"summary_large_image","twitter_misc":{"\u01af\u1edbc t\u00ednh th\u1eddi gian \u0111\u1ecdc":"1 ph\u00fat"},"schema":{"@context":"https:\/\/schema.org","@graph":[{"@type":"WebPage","@id":"https:\/\/chilltea.click\/?page_id=68","url":"https:\/\/chilltea.click\/?page_id=68","name":"TH\u00d4NG TIN C\u1eecA H\u00c0NG - CHILL TEA","isPartOf":{"@id":"https:\/\/chilltea.click\/#website"},"primaryImageOfPage":{"@id":"https:\/\/chilltea.click\/?page_id=68#primaryimage"},"image":{"@id":"https:\/\/chilltea.click\/?page_id=68#primaryimage"},"thumbnailUrl":"https:\/\/chilltea.click\/wp-content\/uploads\/2026\/03\/cafe-1024x682.jpg","datePublished":"2026-03-07T02:57:37+00:00","dateModified":"2026-03-07T03:28:35+00:00","breadcrumb":{"@id":"https:\/\/chilltea.click\/?page_id=68#breadcrumb"},"inLanguage":"vi","potentialAction":[{"@type":"ReadAction","target":["https:\/\/chilltea.click\/?page_id=68"]}]},{"@type":"ImageObject","inLanguage":"vi","@id":"https:\/\/chilltea.click\/?page_id=68#primaryimage","url":"https:\/\/chilltea.click\/wp-content\/uploads\/2026\/03\/cafe.jpg","contentUrl":"https:\/\/chilltea.click\/wp-content\/uploads\/2026\/03\/cafe.jpg","width":1800,"height":1199},{"@type":"BreadcrumbList","@id":"https:\/\/chilltea.click\/?page_id=68#breadcrumb","itemListElement":[{"@type":"ListItem","position":1,"name":"Trang ch\u1ee7","item":"https:\/\/chilltea.click\/"},{"@type":"ListItem","position":2,"name":"TH\u00d4NG TIN C\u1eecA H\u00c0NG"}]},{"@type":"WebSite","@id":"https:\/\/chilltea.click\/#website","url":"https:\/\/chilltea.click\/","name":"CHILL TEA","description":"","potentialAction":[{"@type":"SearchAction","target":{"@type":"EntryPoint","urlTemplate":"https:\/\/chilltea.click\/?s={search_term_string}"},"query-input":{"@type":"PropertyValueSpecification","valueRequired":true,"valueName":"search_term_string"}}],"inLanguage":"vi"}]}},"jetpack_sharing_enabled":true,"_links":{"self":[{"href":"https:\/\/chilltea.click\/index.php?rest_route=\/wp\/v2\/pages\/68","targetHints":{"allow":["GET"]}}],"collection":[{"href":"https:\/\/chilltea.click\/index.php?rest_route=\/wp\/v2\/pages"}],"about":[{"href":"https:\/\/chilltea.click\/index.php?rest_route=\/wp\/v2\/types\/page"}],"author":[{"embeddable":true,"href":"https:\/\/chilltea.click\/index.php?rest_route=\/wp\/v2\/users\/1"}],"replies":[{"embeddable":true,"href":"https:\/\/chilltea.click\/index.php?rest_route=%2Fwp%2Fv2%2Fcomments&post=68"}],"version-history":[{"count":11,"href":"https:\/\/chilltea.click\/index.php?rest_route=\/wp\/v2\/pages\/68\/revisions"}],"predecessor-version":[{"id":173,"href":"https:\/\/chilltea.click\/index.php?rest_route=\/wp\/v2\/pages\/68\/revisions\/173"}],"wp:attachment":[{"href":"https:\/\/chilltea.click\/index.php?rest_route=%2Fwp%2Fv2%2Fmedia&parent=68"}],"curies":[{"name":"wp","href":"https:\/\/api.w.org\/{rel}","templated":true}]}}